{"id":34,"date":"2016-01-22T13:26:54","date_gmt":"2016-01-22T14:26:54","guid":{"rendered":"http:\/\/schmuck.hb-art.ch\/wordpress\/?page_id=34"},"modified":"2016-01-22T15:03:30","modified_gmt":"2016-01-22T16:03:30","slug":"ueber-mich","status":"publish","type":"page","link":"http:\/\/schmuck.hb-art.ch\/wordpress\/?page_id=34","title":{"rendered":"HANSRUEDI BADER"},"content":{"rendered":"<p style=\"text-align: justify;\">Nach der Ausbildung in Z\u00fcrich zum Dekorateur und Grafiker hat mich das k\u00fcnstlerische Arbeiten auch neben meiner T\u00e4tigkeit als selbstst\u00e4ndiger Modellbauer immer begleitet. Schmuck aus Plexiglas<sup>\u00ae<\/sup>, ist eine Form meines k\u00fcnstlerischen Ausdrucks, der viele M\u00f6glichkeiten bringt. Jedes Schmuckst\u00fcck ist ein Unikat. Die einzelnen Teile stelle ich in meiner Werkstatt in Handarbeit her und f\u00fcge sie dann zu individuellen Ketten, Armb\u00e4nder, Ohrschmuck und Ringen zusammen. Das Spiel mit Farben, Licht, das Zusammenbringen verschiedener Materialien begeistert mich. Das Konkrete in der Form l\u00e4sst mich als Perfektionist bei der Bearbeitung von Plexiglas<sup>\u00ae<\/sup>, Holz, Corian<sup>\u00ae<\/sup>, Rohacell<sup>\u00ae <\/sup>und Buntmetalle immer Neues finden.<\/p>\n","protected":false},"excerpt":{"rendered":"<p>Nach der Ausbildung in Z\u00fcrich zum Dekorateur und Grafiker hat mich das k\u00fcnstlerische Arbeiten auch neben meiner T\u00e4tigkeit als selbstst\u00e4ndiger Modellbauer immer begleitet. Schmuck aus Plexiglas\u00ae, ist eine Form meines k\u00fcnstlerischen Ausdrucks, der viele M\u00f6glichkeiten bringt. Jedes Schmuckst\u00fcck ist ein Unikat. Die einzelnen Teile stelle ich in meiner Werkstatt in Handarbeit her und f\u00fcge sie [&hellip;]<\/p>\n","protected":false},"author":1,"featured_media":0,"parent":0,"menu_order":0,"comment_status":"closed","ping_status":"closed","template":"","meta":{"footnotes":""},"_links":{"self":[{"href":"http:\/\/schmuck.hb-art.ch\/wordpress\/index.php?rest_route=\/wp\/v2\/pages\/34"}],"collection":[{"href":"http:\/\/schmuck.hb-art.ch\/wordpress\/index.php?rest_route=\/wp\/v2\/pages"}],"about":[{"href":"http:\/\/schmuck.hb-art.ch\/wordpress\/index.php?rest_route=\/wp\/v2\/types\/page"}],"author":[{"embeddable":true,"href":"http:\/\/schmuck.hb-art.ch\/wordpress\/index.php?rest_route=\/wp\/v2\/users\/1"}],"replies":[{"embeddable":true,"href":"http:\/\/schmuck.hb-art.ch\/wordpress\/index.php?rest_route=%2Fwp%2Fv2%2Fcomments&post=34"}],"version-history":[{"count":6,"href":"http:\/\/schmuck.hb-art.ch\/wordpress\/index.php?rest_route=\/wp\/v2\/pages\/34\/revisions"}],"predecessor-version":[{"id":86,"href":"http:\/\/schmuck.hb-art.ch\/wordpress\/index.php?rest_route=\/wp\/v2\/pages\/34\/revisions\/86"}],"wp:attachment":[{"href":"http:\/\/schmuck.hb-art.ch\/wordpress\/index.php?rest_route=%2Fwp%2Fv2%2Fmedia&parent=34"}],"curies":[{"name":"wp","href":"https:\/\/api.w.org\/{rel}","templated":true}]}}