{"id":19,"date":"2016-01-22T12:32:06","date_gmt":"2016-01-22T13:32:06","guid":{"rendered":"http:\/\/schmuck.hb-art.ch\/wordpress\/?page_id=19"},"modified":"2021-11-05T13:33:21","modified_gmt":"2021-11-05T14:33:21","slug":"aktuelles","status":"publish","type":"page","link":"http:\/\/schmuck.hb-art.ch\/wordpress\/?page_id=19","title":{"rendered":"AKTUELLES"},"content":{"rendered":"<p><img loading=\"lazy\" decoding=\"async\" class=\"alignleft size-full wp-image-181\" src=\"http:\/\/schmuck.hb-art.ch\/wordpress\/wp-content\/uploads\/2021\/11\/Kunsthandwerk2021_Zertifikat-002.jpg\" alt=\"\" width=\"1748\" height=\"2480\" srcset=\"http:\/\/schmuck.hb-art.ch\/wordpress\/wp-content\/uploads\/2021\/11\/Kunsthandwerk2021_Zertifikat-002.jpg 1748w, http:\/\/schmuck.hb-art.ch\/wordpress\/wp-content\/uploads\/2021\/11\/Kunsthandwerk2021_Zertifikat-002-211x300.jpg 211w, http:\/\/schmuck.hb-art.ch\/wordpress\/wp-content\/uploads\/2021\/11\/Kunsthandwerk2021_Zertifikat-002-768x1090.jpg 768w, http:\/\/schmuck.hb-art.ch\/wordpress\/wp-content\/uploads\/2021\/11\/Kunsthandwerk2021_Zertifikat-002-722x1024.jpg 722w, http:\/\/schmuck.hb-art.ch\/wordpress\/wp-content\/uploads\/2021\/11\/Kunsthandwerk2021_Zertifikat-002-423x600.jpg 423w, http:\/\/schmuck.hb-art.ch\/wordpress\/wp-content\/uploads\/2021\/11\/Kunsthandwerk2021_Zertifikat-002-1600x2270.jpg 1600w\" sizes=\"(max-width: 1748px) 100vw, 1748px\" \/>Liebe<strong> \u201eschmuck der auch kunst ist\u201c <\/strong>Liebhaber:innen<br \/>\nGerne lade ich Sie ein zur Adventsausstellung im &#8222;KafiM\u00fcli&#8220; in Oberwinterthur am 12. bis 14. 11.\u00a02021<br \/>\nAlles hat seine Zeit !!!<\/p>\n<p>Nach vielen Jahren kreativer Schmuckgestalltung und unz\u00e4hligen Ausstellungen werde ich mich, auch altershalber, aus dem Kreis der Aussteller zur\u00fcckzuziehen.<\/p>\n<p>Eine Idee oder Wunsch w\u00e4re, meine Kreationen zusammen mit dem Ausstellungsequipment\u00a0einer Interessentin, einem Interessenten, zu \u00fcbergeben der\/die es weiterf\u00fchren m\u00f6chte. F\u00fcr Nachschub aus meinem Atelier k\u00f6nnte ich weiterhin sorgen.<\/p>\n<p>Der Kontakt mit den vielen treuen KundInnen wird mir\u00a0sicher sehr fehlen, deshalb werde ich an meiner vielleicht letzten Ausstellung, als kleines Dankesch\u00f6n, den Schmuck zu besonders g\u00fcnstigen Konditionen verkaufen.<br \/>\nLassen Sie sich \u00fcberraschen!<\/p>\n<p>Auf<a href=\"https:\/\/t0b4bef22.emailsys1a.net\/c\/13\/4563923\/4591\/0\/14693261\/228741\/f716ac42ad.html?testmail=yes\"> www.shop.hb-art.ch<\/a>\u00a0finden Sie bis Ende 2021 viele Kreationen Auf\u00a0<a href=\"https:\/\/t0b4bef22.emailsys1a.net\/c\/13\/4563923\/4591\/0\/14693261\/228745\/f37be3f369.html?testmail=yes\">www.hb-art.ch<\/a>\u00a0werde ich weiter f\u00fcr Sie da sein.<\/p>\n<p>&nbsp;<\/p>\n<p>Es w\u00fcrde mich sehr freuen, Sie an meinem Stand zu begr\u00fcssen.<\/p>\n<p>Liebe Gr\u00fcsse<br \/>\nHansruedi Bader<\/p>\n<p>&nbsp;<\/p>\n<p>Atelier offen nach telefonischer Vereinbarung<br \/>\nHauptstrasse 27, 8543 Gundetswil<br \/>\n079 405 74 79<\/p>\n<p>hr.bader@gmx.ch\u00a0\u00a0 info@hb-art.ch<\/p>\n<p>Postadresse<br \/>\nHofackerstrasse 29, 8543 Gundetswil<\/p>\n","protected":false},"excerpt":{"rendered":"<p>Liebe \u201eschmuck der auch kunst ist\u201c Liebhaber:innen Gerne lade ich Sie ein zur Adventsausstellung im &#8222;KafiM\u00fcli&#8220; in Oberwinterthur am 12. bis 14. 11.\u00a02021 Alles hat seine Zeit !!! Nach vielen Jahren kreativer Schmuckgestalltung und unz\u00e4hligen Ausstellungen werde ich mich, auch altershalber, aus dem Kreis der Aussteller zur\u00fcckzuziehen. Eine Idee oder Wunsch w\u00e4re, meine Kreationen zusammen [&hellip;]<\/p>\n","protected":false},"author":1,"featured_media":0,"parent":0,"menu_order":0,"comment_status":"closed","ping_status":"closed","template":"","meta":{"footnotes":""},"_links":{"self":[{"href":"http:\/\/schmuck.hb-art.ch\/wordpress\/index.php?rest_route=\/wp\/v2\/pages\/19"}],"collection":[{"href":"http:\/\/schmuck.hb-art.ch\/wordpress\/index.php?rest_route=\/wp\/v2\/pages"}],"about":[{"href":"http:\/\/schmuck.hb-art.ch\/wordpress\/index.php?rest_route=\/wp\/v2\/types\/page"}],"author":[{"embeddable":true,"href":"http:\/\/schmuck.hb-art.ch\/wordpress\/index.php?rest_route=\/wp\/v2\/users\/1"}],"replies":[{"embeddable":true,"href":"http:\/\/schmuck.hb-art.ch\/wordpress\/index.php?rest_route=%2Fwp%2Fv2%2Fcomments&post=19"}],"version-history":[{"count":18,"href":"http:\/\/schmuck.hb-art.ch\/wordpress\/index.php?rest_route=\/wp\/v2\/pages\/19\/revisions"}],"predecessor-version":[{"id":183,"href":"http:\/\/schmuck.hb-art.ch\/wordpress\/index.php?rest_route=\/wp\/v2\/pages\/19\/revisions\/183"}],"wp:attachment":[{"href":"http:\/\/schmuck.hb-art.ch\/wordpress\/index.php?rest_route=%2Fwp%2Fv2%2Fmedia&parent=19"}],"curies":[{"name":"wp","href":"https:\/\/api.w.org\/{rel}","templated":true}]}}